{"id":65,"date":"2026-01-27T20:10:41","date_gmt":"2026-01-27T20:10:41","guid":{"rendered":"https:\/\/nextlayer365.com.br\/?page_id=65"},"modified":"2026-01-27T20:15:21","modified_gmt":"2026-01-27T20:15:21","slug":"about-us","status":"publish","type":"page","link":"https:\/\/nextlayer365.com.br\/pt\/about-us\/","title":{"rendered":"Sobre n\u00f3s"},"content":{"rendered":"<div data-elementor-type=\"wp-page\" data-elementor-id=\"65\" class=\"elementor elementor-65\">\n\t\t\t\t<div class=\"elementor-element elementor-element-17c4308 e-flex e-con-boxed wpr-particle-no wpr-jarallax-no wpr-parallax-no wpr-sticky-section-no wpr-equal-height-no e-con e-parent\" data-id=\"17c4308\" data-element_type=\"container\" data-e-type=\"container\">\n\t\t\t\t\t<div class=\"e-con-inner\">\n\t\t\t\t<div class=\"elementor-element elementor-element-e664c5e elementor-widget elementor-widget-text-editor\" data-id=\"e664c5e\" data-element_type=\"widget\" data-e-type=\"widget\" data-widget_type=\"text-editor.default\">\n\t\t\t\t\t\t\t\t\t<p data-start=\"595\" data-end=\"751\">NEXTLAYER365 \u00e9 uma plataforma de conte\u00fado orientada por tecnologia dedicada a entregar informa\u00e7\u00f5es \u00fateis, confi\u00e1veis e atualizadas para a gera\u00e7\u00e3o digital moderna.<\/p><p data-start=\"753\" data-end=\"844\">Nossa miss\u00e3o \u00e9 simples: ajudar as pessoas a alcan\u00e7ar o pr\u00f3ximo n\u00edvel atrav\u00e9s de conhecimento e tecnologia.<\/p><p data-start=\"846\" data-end=\"1131\">Criamos conte\u00fado focado em aplicativos, ferramentas digitais, intelig\u00eancia artificial, software, plataformas online, recursos de produtividade e tend\u00eancias tecnol\u00f3gicas emergentes que impactam o dia a dia. Acreditamos que a tecnologia deve ser acess\u00edvel, compreens\u00edvel e pr\u00e1tica para todos \u2014 n\u00e3o apenas para especialistas.<\/p><p data-start=\"1133\" data-end=\"1415\">Na NEXTLAYER365, transformamos t\u00f3picos complexos em insights claros e acion\u00e1veis. De avalia\u00e7\u00f5es de aplicativos e tutoriais a not\u00edcias de tecnologia, solu\u00e7\u00f5es digitais e guias de inova\u00e7\u00e3o, tudo o que publicamos \u00e9 projetado para ajudar nossos leitores a tomar decis\u00f5es mais inteligentes e a se manterem \u00e0 frente em um mundo em r\u00e1pida mudan\u00e7a.<\/p><p data-start=\"1417\" data-end=\"1561\">Acreditamos firmemente na democratiza\u00e7\u00e3o do conhecimento. O acesso \u00e0 informa\u00e7\u00e3o de alta qualidade deve ser simples, transparente e dispon\u00edvel para todos.<\/p><p data-start=\"1563\" data-end=\"1704\">Mais do que apenas um blog, a NEXTLAYER365 \u00e9 um recurso confi\u00e1vel para aqueles que desejam aprender, crescer e destravar novas oportunidades na era digital.<\/p><p data-start=\"1706\" data-end=\"1847\">Seja explorando novas ferramentas, descobrindo aplicativos \u00fateis ou acompanhando as \u00faltimas tend\u00eancias tecnol\u00f3gicas, estamos aqui para voc\u00ea \u2014 todos os dias.<\/p><p data-start=\"1849\" data-end=\"1898\"><strong data-start=\"1849\" data-end=\"1898\">Eleve sua vida digital com NEXTLAYER365.<\/strong><\/p>\t\t\t\t\t\t\t\t<\/div>\n\t\t\t\t\t<\/div>\n\t\t\t\t<\/div>\n\t\t\t\t<\/div>","protected":false},"excerpt":{"rendered":"<p>NEXTLAYER365 is a technology-driven content platform dedicated to delivering useful, reliable, and up-to-date information for the modern digital generation. Our mission is simple: help people move to the next level through knowledge and technology. We create content focused on apps, digital tools, artificial intelligence, software, online platforms, productivity resources, and emerging tech trends that impact everyday life. We believe technology should be accessible, understandable, and practical for everyone \u2014 not just experts. At NEXTLAYER365, we transform complex topics into clear, actionable insights. From app reviews and tutorials to tech news, digital solutions, and innovation guides, everything we publish is designed to help our readers make smarter decisions and stay ahead in a fast-changing world. We strongly believe in the democratization of knowledge. Access to high-quality information should be simple, transparent, and available to all. More than just a blog, NEXTLAYER365 is a trusted resource for those who want to learn, grow, and unlock new opportunities in the digital age. Whether you&#8217;re exploring new tools, discovering useful apps, or keeping up with the latest technology trends, we\u2019re here for you \u2014 every day. Level up your digital life with NEXTLAYER365.<\/p>","protected":false},"author":1,"featured_media":0,"parent":0,"menu_order":0,"comment_status":"closed","ping_status":"closed","template":"","meta":{"footnotes":""},"folder":[],"class_list":["post-65","page","type-page","status-publish","hentry"],"_hostinger_reach_plugin_has_subscription_block":false,"_hostinger_reach_plugin_is_elementor":false,"_links":{"self":[{"href":"https:\/\/nextlayer365.com.br\/pt\/wp-json\/wp\/v2\/pages\/65","targetHints":{"allow":["GET"]}}],"collection":[{"href":"https:\/\/nextlayer365.com.br\/pt\/wp-json\/wp\/v2\/pages"}],"about":[{"href":"https:\/\/nextlayer365.com.br\/pt\/wp-json\/wp\/v2\/types\/page"}],"author":[{"embeddable":true,"href":"https:\/\/nextlayer365.com.br\/pt\/wp-json\/wp\/v2\/users\/1"}],"replies":[{"embeddable":true,"href":"https:\/\/nextlayer365.com.br\/pt\/wp-json\/wp\/v2\/comments?post=65"}],"version-history":[{"count":5,"href":"https:\/\/nextlayer365.com.br\/pt\/wp-json\/wp\/v2\/pages\/65\/revisions"}],"predecessor-version":[{"id":85,"href":"https:\/\/nextlayer365.com.br\/pt\/wp-json\/wp\/v2\/pages\/65\/revisions\/85"}],"wp:attachment":[{"href":"https:\/\/nextlayer365.com.br\/pt\/wp-json\/wp\/v2\/media?parent=65"}],"wp:term":[{"taxonomy":"folder","embeddable":true,"href":"https:\/\/nextlayer365.com.br\/pt\/wp-json\/wp\/v2\/folder?post=65"}],"curies":[{"name":"wp","href":"https:\/\/api.w.org\/{rel}","templated":true}]}}